{"id":1210,"date":"2022-02-28T11:11:25","date_gmt":"2022-02-28T11:11:25","guid":{"rendered":"http:\/\/10.80.100.11\/pesca-salada\/"},"modified":"2023-02-03T08:57:50","modified_gmt":"2023-02-03T08:57:50","slug":"pesca-salada","status":"publish","type":"page","link":"https:\/\/www.susanatarre.com\/ca\/pesca-salada\/","title":{"rendered":"Pesca Salada"},"content":{"rendered":"\t\t<div data-elementor-type=\"wp-page\" data-elementor-id=\"1210\" class=\"elementor elementor-1210 elementor-697\" data-elementor-settings=\"[]\">\n\t\t\t\t\t\t\t<div class=\"elementor-section-wrap\">\n\t\t\t\t\t\t\t<section class=\"elementor-section elementor-top-section elementor-element elementor-element-cd63bb3 elementor-section-full_width elementor-section-height-default elementor-section-height-default parallax_section_no qode_elementor_container_no\" data-id=\"cd63bb3\" data-element_type=\"section\" id=\"custom_slider\">\n\t\t\t\t\t\t<div class=\"elementor-container elementor-column-gap-default\">\n\t\t\t\t\t<div class=\"elementor-column elementor-col-100 elementor-top-column elementor-element elementor-element-0f3e69a\" data-id=\"0f3e69a\" data-element_type=\"column\">\n\t\t\t<div class=\"elementor-widget-wrap elementor-element-populated\">\n\t\t\t\t\t\t\t\t<div class=\"elementor-element elementor-element-c7a749c elementor-widget elementor-widget-slider_revolution\" data-id=\"c7a749c\" data-element_type=\"widget\" data-widget_type=\"slider_revolution.default\">\n\t\t\t\t<div class=\"elementor-widget-container\">\n\t\t\t\n\t\t<div class=\"wp-block-themepunch-revslider\">\n\t\t\t<!-- START PESCA SALADA CAT REVOLUTION SLIDER 6.5.14 --><p class=\"rs-p-wp-fix\"><\/p>\n\t\t\t<rs-module-wrap id=\"rev_slider_32_1_wrapper\" data-source=\"gallery\" style=\"visibility:hidden;background:transparent;padding:0;margin:0px auto;margin-top:0;margin-bottom:0;\">\n\t\t\t\t<rs-module id=\"rev_slider_32_1\" style=\"\" data-version=\"6.5.14\">\n\t\t\t\t\t<rs-slides>\n\t\t\t\t\t\t<rs-slide style=\"position: absolute;\" data-key=\"rs-83\" data-title=\"IB\u00c9RICOS\" data-in=\"o:0;\" data-out=\"a:false;\">\n\t\t\t\t\t\t\t<img loading=\"lazy\" decoding=\"async\" src=\"\/\/www.susanatarre.com\/wp-content\/plugins\/revslider\/public\/assets\/assets\/dummy.png\" alt=\"\" title=\"pesca\" width=\"2560\" height=\"1439\" class=\"rev-slidebg tp-rs-img rs-lazyload\" data-lazyload=\"\/\/10.80.100.11\/wp-content\/uploads\/2022\/02\/pesca-scaled.jpg\" data-no-retina>\n\t\t\t\t\t\t\t<rs-bgvideo \n\t\t\t\t\t\t\t\tdata-video=\"w:100%;h:100%;ar:4:3;l:false;ptimer:false;vfc:false;\"\n\t\t\t\t\t\t\t\tdata-mp4=\"\/\/10.80.100.11\/wp-content\/uploads\/videos\/pesca_salada.mp4\"\n\t\t\t\t\t\t\t><\/rs-bgvideo>\n<!--\n\t\t\t\t\t\t\t--><rs-layer\n\t\t\t\t\t\t\t\tid=\"slider-32-slide-83-layer-0\" \n\t\t\t\t\t\t\t\tdata-type=\"image\"\n\t\t\t\t\t\t\t\tdata-rsp_ch=\"on\"\n\t\t\t\t\t\t\t\tdata-xy=\"xo:1169px,1169px,1169px,452px;yo:604px,604px,604px,233px;\"\n\t\t\t\t\t\t\t\tdata-text=\"w:normal;s:20,20,20,7;l:0,0,0,9;\"\n\t\t\t\t\t\t\t\tdata-dim=\"w:149px,149px,149px,57px;h:148px,148px,148px,56px;\"\n\t\t\t\t\t\t\t\tdata-frame_999=\"o:0;st:w;\"\n\t\t\t\t\t\t\t\tstyle=\"z-index:5;\"\n\t\t\t\t\t\t\t><img loading=\"lazy\" decoding=\"async\" src=\"\/\/www.susanatarre.com\/wp-content\/plugins\/revslider\/public\/assets\/assets\/dummy.png\" alt=\"\" class=\"tp-rs-img rs-lazyload\" width=\"500\" height=\"497\" data-lazyload=\"\/\/10.80.100.11\/wp-content\/uploads\/2022\/03\/x10CAT.jpg\" data-no-retina> \n\t\t\t\t\t\t\t<\/rs-layer><!--\n\n\t\t\t\t\t\t\t--><rs-layer\n\t\t\t\t\t\t\t\tid=\"slider-32-slide-83-layer-1\" \n\t\t\t\t\t\t\t\tdata-type=\"text\"\n\t\t\t\t\t\t\t\tdata-rsp_ch=\"on\"\n\t\t\t\t\t\t\t\tdata-xy=\"xo:-164px,-164px,-164px,-62px;yo:31px,31px,31px,11px;\"\n\t\t\t\t\t\t\t\tdata-text=\"w:normal;s:20,20,20,7;l:25,25,25,9;\"\n\t\t\t\t\t\t\t\tdata-frame_999=\"o:0;st:w;\"\n\t\t\t\t\t\t\t\tstyle=\"z-index:6;font-family:'Roboto';\"\n\t\t\t\t\t\t\t><br \/>\n<div class=\"card_slider\"><br \/>\n<h1><span>La Millor<br>Pesca Salada<\/span><br \/>\nal teu costat<\/h1><br \/>\n<\/div> \n\t\t\t\t\t\t\t<\/rs-layer><!--\n-->\t\t\t\t\t\t<\/rs-slide>\n\t\t\t\t\t<\/rs-slides>\n\t\t\t\t<\/rs-module>\n\t\t\t\t<script>\n\t\t\t\t\tsetREVStartSize({c: 'rev_slider_32_1',rl:[1240,1240,1240,480],el:[750,750,750,720],gw:[1240,1240,1240,480],gh:[750,750,750,720],type:'standard',justify:'',layout:'fullwidth',mh:\"0\"});if (window.RS_MODULES!==undefined && window.RS_MODULES.modules!==undefined && window.RS_MODULES.modules[\"revslider321\"]!==undefined) {window.RS_MODULES.modules[\"revslider321\"].once = false;window.revapi32 = undefined;if (window.RS_MODULES.checkMinimal!==undefined) window.RS_MODULES.checkMinimal()}\n\t\t\t\t<\/script>\n\t\t\t<\/rs-module-wrap>\n\t\t\t<!-- END REVOLUTION SLIDER -->\n<\/div>\n\n\t\t\t\t<\/div>\n\t\t\t\t<\/div>\n\t\t\t\t\t<\/div>\n\t\t<\/div>\n\t\t\t\t\t\t\t<\/div>\n\t\t<\/section>\n\t\t\t\t<section class=\"elementor-section elementor-top-section elementor-element elementor-element-77c7aae elementor-section-boxed elementor-section-height-default elementor-section-height-default parallax_section_no qode_elementor_container_no\" data-id=\"77c7aae\" data-element_type=\"section\" data-settings=\"{&quot;background_background&quot;:&quot;classic&quot;}\">\n\t\t\t\t\t\t<div class=\"elementor-container elementor-column-gap-default\">\n\t\t\t\t\t<div class=\"elementor-column elementor-col-100 elementor-top-column elementor-element elementor-element-33a8d70\" data-id=\"33a8d70\" data-element_type=\"column\">\n\t\t\t<div class=\"elementor-widget-wrap elementor-element-populated\">\n\t\t\t\t\t\t\t\t<div class=\"elementor-element elementor-element-eb6d140 elementor-widget elementor-widget-text-editor\" data-id=\"eb6d140\" data-element_type=\"widget\" data-widget_type=\"text-editor.default\">\n\t\t\t\t<div class=\"elementor-widget-container\">\n\t\t\t<style>\/*! elementor - v3.5.5 - 03-02-2022 *\/\n.elementor-widget-text-editor.elementor-drop-cap-view-stacked .elementor-drop-cap{background-color:#818a91;color:#fff}.elementor-widget-text-editor.elementor-drop-cap-view-framed .elementor-drop-cap{color:#818a91;border:3px solid;background-color:transparent}.elementor-widget-text-editor:not(.elementor-drop-cap-view-default) .elementor-drop-cap{margin-top:8px}.elementor-widget-text-editor:not(.elementor-drop-cap-view-default) .elementor-drop-cap-letter{width:1em;height:1em}.elementor-widget-text-editor .elementor-drop-cap{float:left;text-align:center;line-height:1;font-size:50px}.elementor-widget-text-editor .elementor-drop-cap-letter{display:inline-block}<\/style>\t\t\t\t<p>Tenim per a tu una soprenent varietat de bacallans, salaons i conserves que et permetran preparar plats fabulosos. I \u00e9s que un bon producte \u00e9s molt important per a una bona cuina.<\/p>\n\t\t\t\t\t\t<\/div>\n\t\t\t\t<\/div>\n\t\t\t\t\t<\/div>\n\t\t<\/div>\n\t\t\t\t\t\t\t<\/div>\n\t\t<\/section>\n\t\t\t\t<section class=\"elementor-section elementor-top-section elementor-element elementor-element-aadf427 elementor-section-boxed elementor-section-height-default elementor-section-height-default parallax_section_no qode_elementor_container_no\" data-id=\"aadf427\" data-element_type=\"section\" id=\"custom_footer\" data-settings=\"{&quot;background_background&quot;:&quot;classic&quot;}\">\n\t\t\t\t\t\t<div class=\"elementor-container elementor-column-gap-default\">\n\t\t\t\t\t<div class=\"elementor-column elementor-col-50 elementor-top-column elementor-element elementor-element-a0bb89e\" data-id=\"a0bb89e\" data-element_type=\"column\" id=\"cuadro_nombre_subcategoria\">\n\t\t\t<div class=\"elementor-widget-wrap elementor-element-populated\">\n\t\t\t\t\t\t\t\t<div class=\"elementor-element elementor-element-22d683a1 elementor-widget elementor-widget-html\" data-id=\"22d683a1\" data-element_type=\"widget\" data-widget_type=\"html.default\">\n\t\t\t\t<div class=\"elementor-widget-container\">\n\t\t\t<div class=\"col_1_footer\">\n    <h3>Pesca <br>\nSalada<\/h3>\n<\/div>\t\t<\/div>\n\t\t\t\t<\/div>\n\t\t\t\t\t<\/div>\n\t\t<\/div>\n\t\t\t\t<div class=\"elementor-column elementor-col-50 elementor-top-column elementor-element elementor-element-5fdbebcd\" data-id=\"5fdbebcd\" data-element_type=\"column\">\n\t\t\t<div class=\"elementor-widget-wrap elementor-element-populated\">\n\t\t\t\t\t\t\t\t<div class=\"elementor-element elementor-element-19028f52 elementor-widget elementor-widget-bridge_product_list_elegant\" data-id=\"19028f52\" data-element_type=\"widget\" data-widget_type=\"bridge_product_list_elegant.default\">\n\t\t\t\t<div class=\"elementor-widget-container\">\n\t\t\t<div class='qode_product_list_holder three_columns'><ul><li><div class=\"product_list_inner\" ><div class=\"product_category\"><a href=\"https:\/\/www.susanatarre.com\/ca\/categoria-producte\/pesca-salada-ca\/\" rel=\"tag\">Pesca Salada<\/a><\/div><h4 itemprop=\"name\" class=\"product_title entry-title\">Salm\u00f3 \u201cfumats Dominguez \u201c tallat a m\u00e0<\/h4><div class=\"product_separator separator small center\" ><\/div><div class=\"product_price\" ><\/div><div class=\"product_button\"><a rel=\"nofollow\" href=\"https:\/\/www.susanatarre.com\/ca\/producte\/salmo-fumats-dominguez-tallat-a-ma-470e-100-grams\/\" data-quantity=\"1\" data-product_id=\"1449\" data-product_sku=\"\" class=\"qbutton  default ajax_add_to_cart  qode-product-out-of-stock simple\">Read more<\/a><\/div><\/div><a itemprop=\"url\" class=\"product_list_link\" href=\"https:\/\/www.susanatarre.com\/ca\/producte\/salmo-fumats-dominguez-tallat-a-ma-470e-100-grams\/\" target=\"_self\"><\/a><\/li><li><div class=\"product_list_inner\" ><div class=\"product_category\"><a href=\"https:\/\/www.susanatarre.com\/ca\/categoria-producte\/pesca-salada-ca\/\" rel=\"tag\">Pesca Salada<\/a><\/div><h4 itemprop=\"name\" class=\"product_title entry-title\">Anxova cant\u00e0bric<\/h4><div class=\"product_separator separator small center\" ><\/div><div class=\"product_price\" ><\/div><div class=\"product_button\"><a rel=\"nofollow\" href=\"https:\/\/www.susanatarre.com\/ca\/producte\/anxova-cantabric-750e-blister\/\" data-quantity=\"1\" data-product_id=\"1348\" data-product_sku=\"\" class=\"qbutton  default ajax_add_to_cart  qode-product-out-of-stock simple\">Read more<\/a><\/div><\/div><a itemprop=\"url\" class=\"product_list_link\" href=\"https:\/\/www.susanatarre.com\/ca\/producte\/anxova-cantabric-750e-blister\/\" target=\"_self\"><\/a><\/li><li><div class=\"product_list_inner\" ><div class=\"product_category\"><a href=\"https:\/\/www.susanatarre.com\/ca\/categoria-producte\/pesca-salada-ca\/\" rel=\"tag\">Pesca Salada<\/a><\/div><h4 itemprop=\"name\" class=\"product_title entry-title\">Freses maruca<\/h4><div class=\"product_separator separator small center\" ><\/div><div class=\"product_price\" ><\/div><div class=\"product_button\"><a rel=\"nofollow\" href=\"https:\/\/www.susanatarre.com\/ca\/producte\/freses-maruca-790e-100-grams\/\" data-quantity=\"1\" data-product_id=\"1403\" data-product_sku=\"\" class=\"qbutton  default ajax_add_to_cart  qode-product-out-of-stock simple\">Read more<\/a><\/div><\/div><a itemprop=\"url\" class=\"product_list_link\" href=\"https:\/\/www.susanatarre.com\/ca\/producte\/freses-maruca-790e-100-grams\/\" target=\"_self\"><\/a><\/li><li><div class=\"product_list_inner\" ><div class=\"product_category\"><a href=\"https:\/\/www.susanatarre.com\/ca\/categoria-producte\/pesca-salada-ca\/\" rel=\"tag\">Pesca Salada<\/a><\/div><h4 itemprop=\"name\" class=\"product_title entry-title\">Mojama de bonitol extra<\/h4><div class=\"product_separator separator small center\" ><\/div><div class=\"product_price\" ><\/div><div class=\"product_button\"><a rel=\"nofollow\" href=\"https:\/\/www.susanatarre.com\/ca\/producte\/mojama-de-bonitol-extra-620e-100-grams\/\" data-quantity=\"1\" data-product_id=\"1414\" data-product_sku=\"\" class=\"qbutton  default ajax_add_to_cart  qode-product-out-of-stock simple\">Read more<\/a><\/div><\/div><a itemprop=\"url\" class=\"product_list_link\" href=\"https:\/\/www.susanatarre.com\/ca\/producte\/mojama-de-bonitol-extra-620e-100-grams\/\" target=\"_self\"><\/a><\/li><li><div class=\"product_list_inner\" ><div class=\"product_category\"><a href=\"https:\/\/www.susanatarre.com\/ca\/categoria-producte\/pesca-salada-ca\/\" rel=\"tag\">Pesca Salada<\/a><\/div><h4 itemprop=\"name\" class=\"product_title entry-title\">Bacall\u00e0 cues calibre m\u00e0xim<\/h4><div class=\"product_separator separator small center\" ><\/div><div class=\"product_price\" ><\/div><div class=\"product_button\"><a rel=\"nofollow\" href=\"https:\/\/www.susanatarre.com\/ca\/producte\/bacalla-cues-calibre-maxim-2190e-kg\/\" data-quantity=\"1\" data-product_id=\"1349\" data-product_sku=\"\" class=\"qbutton  default ajax_add_to_cart  qode-product-out-of-stock simple\">Read more<\/a><\/div><\/div><a itemprop=\"url\" class=\"product_list_link\" href=\"https:\/\/www.susanatarre.com\/ca\/producte\/bacalla-cues-calibre-maxim-2190e-kg\/\" target=\"_self\"><\/a><\/li><li><div class=\"product_list_inner\" ><div class=\"product_category\"><a href=\"https:\/\/www.susanatarre.com\/ca\/categoria-producte\/pesca-salada-ca\/\" rel=\"tag\">Pesca Salada<\/a><\/div><h4 itemprop=\"name\" class=\"product_title entry-title\">Bacall\u00e0 llom calibre m\u00e0xim (morro)<\/h4><div class=\"product_separator separator small center\" ><\/div><div class=\"product_price\" ><\/div><div class=\"product_button\"><a rel=\"nofollow\" href=\"https:\/\/www.susanatarre.com\/ca\/producte\/bacalla-llom-calibre-maxim-morro-3390e-kg\/\" data-quantity=\"1\" data-product_id=\"1351\" data-product_sku=\"\" class=\"qbutton  default ajax_add_to_cart  qode-product-out-of-stock simple\">Read more<\/a><\/div><\/div><a itemprop=\"url\" class=\"product_list_link\" href=\"https:\/\/www.susanatarre.com\/ca\/producte\/bacalla-llom-calibre-maxim-morro-3390e-kg\/\" target=\"_self\"><\/a><\/li><li><div class=\"product_list_inner\" ><div class=\"product_category\"><a href=\"https:\/\/www.susanatarre.com\/ca\/categoria-producte\/pesca-salada-ca\/\" rel=\"tag\">Pesca Salada<\/a><\/div><h4 itemprop=\"name\" class=\"product_title entry-title\">Bacall\u00e0 pi<\/h4><div class=\"product_separator separator small center\" ><\/div><div class=\"product_price\" ><\/div><div class=\"product_button\"><a rel=\"nofollow\" href=\"https:\/\/www.susanatarre.com\/ca\/producte\/bacalla-pil-pil-calibre-maxim-3190e-kg\/\" data-quantity=\"1\" data-product_id=\"1352\" data-product_sku=\"\" class=\"qbutton  default ajax_add_to_cart  qode-product-out-of-stock simple\">Read more<\/a><\/div><\/div><a itemprop=\"url\" class=\"product_list_link\" href=\"https:\/\/www.susanatarre.com\/ca\/producte\/bacalla-pil-pil-calibre-maxim-3190e-kg\/\" target=\"_self\"><\/a><\/li><li><div class=\"product_list_inner\" ><div class=\"product_category\"><a href=\"https:\/\/www.susanatarre.com\/ca\/categoria-producte\/pesca-salada-ca\/\" rel=\"tag\">Pesca Salada<\/a><\/div><h4 itemprop=\"name\" class=\"product_title entry-title\">Bacall\u00e0 esqueixada de morro<\/h4><div class=\"product_separator separator small center\" ><\/div><div class=\"product_price\" ><\/div><div class=\"product_button\"><a rel=\"nofollow\" href=\"https:\/\/www.susanatarre.com\/ca\/producte\/bacalla-esqueixada-de-morro-1999e-kg\/\" data-quantity=\"1\" data-product_id=\"1350\" data-product_sku=\"\" class=\"qbutton  default ajax_add_to_cart  qode-product-out-of-stock simple\">Read more<\/a><\/div><\/div><a itemprop=\"url\" class=\"product_list_link\" href=\"https:\/\/www.susanatarre.com\/ca\/producte\/bacalla-esqueixada-de-morro-1999e-kg\/\" target=\"_self\"><\/a><\/li><\/ul><\/div>\t\t<\/div>\n\t\t\t\t<\/div>\n\t\t\t\t\t<\/div>\n\t\t<\/div>\n\t\t\t\t\t\t\t<\/div>\n\t\t<\/section>\n\t\t\t\t\t\t<\/div>\n\t\t\t\t\t<\/div>\n\t\t","protected":false},"excerpt":{"rendered":"<p>Tenim per a tu una soprenent varietat de bacallans, salaons i conserves que et permetran preparar plats fabulosos. I \u00e9s que un bon producte \u00e9s molt important per a una bona cuina. Pesca Salada Pesca Salada Anxova cant\u00e0bric &#8211; 7,50\u20ac \/blister 7,50&euro;A\u00f1adir al carrito Pesca&#8230;<\/p>\n","protected":false},"author":1,"featured_media":0,"parent":0,"menu_order":0,"comment_status":"closed","ping_status":"closed","template":"full_width.php","meta":{"footnotes":""},"class_list":["post-1210","page","type-page","status-publish","hentry"],"yoast_head":"<!-- This site is optimized with the Yoast SEO plugin v20.1 - https:\/\/yoast.com\/wordpress\/plugins\/seo\/ -->\n<title>Pesca Salada - susanatarre.com<\/title>\n<meta name=\"robots\" content=\"index, follow, max-snippet:-1, max-image-preview:large, max-video-preview:-1\" \/>\n<link rel=\"canonical\" href=\"https:\/\/www.susanatarre.com\/ca\/pesca-salada\/\" \/>\n<meta property=\"og:locale\" content=\"ca_ES\" \/>\n<meta property=\"og:type\" content=\"article\" \/>\n<meta property=\"og:title\" content=\"Pesca Salada - susanatarre.com\" \/>\n<meta property=\"og:description\" content=\"Tenim per a tu una soprenent varietat de bacallans, salaons i conserves que et permetran preparar plats fabulosos. I \u00e9s que un bon producte \u00e9s molt important per a una bona cuina. Pesca Salada Pesca Salada Anxova cant\u00e0bric &#8211; 7,50\u20ac \/blister 7,50&euro;A\u00f1adir al carrito Pesca...\" \/>\n<meta property=\"og:url\" content=\"https:\/\/www.susanatarre.com\/ca\/pesca-salada\/\" \/>\n<meta property=\"og:site_name\" content=\"susanatarre.com\" \/>\n<meta property=\"article:modified_time\" content=\"2023-02-03T08:57:50+00:00\" \/>\n<meta name=\"twitter:card\" content=\"summary_large_image\" \/>\n<meta name=\"twitter:label1\" content=\"Temps estimat de lectura\" \/>\n\t<meta name=\"twitter:data1\" content=\"2 minuts\" \/>\n<script type=\"application\/ld+json\" class=\"yoast-schema-graph\">{\"@context\":\"https:\/\/schema.org\",\"@graph\":[{\"@type\":\"WebPage\",\"@id\":\"https:\/\/www.susanatarre.com\/ca\/pesca-salada\/\",\"url\":\"https:\/\/www.susanatarre.com\/ca\/pesca-salada\/\",\"name\":\"Pesca Salada - susanatarre.com\",\"isPartOf\":{\"@id\":\"https:\/\/www.susanatarre.com\/ca\/#website\"},\"datePublished\":\"2022-02-28T11:11:25+00:00\",\"dateModified\":\"2023-02-03T08:57:50+00:00\",\"breadcrumb\":{\"@id\":\"https:\/\/www.susanatarre.com\/ca\/pesca-salada\/#breadcrumb\"},\"inLanguage\":\"ca\",\"potentialAction\":[{\"@type\":\"ReadAction\",\"target\":[\"https:\/\/www.susanatarre.com\/ca\/pesca-salada\/\"]}]},{\"@type\":\"BreadcrumbList\",\"@id\":\"https:\/\/www.susanatarre.com\/ca\/pesca-salada\/#breadcrumb\",\"itemListElement\":[{\"@type\":\"ListItem\",\"position\":1,\"name\":\"Portada\",\"item\":\"https:\/\/www.susanatarre.com\/ca\/\"},{\"@type\":\"ListItem\",\"position\":2,\"name\":\"Pesca Salada\"}]},{\"@type\":\"WebSite\",\"@id\":\"https:\/\/www.susanatarre.com\/ca\/#website\",\"url\":\"https:\/\/www.susanatarre.com\/ca\/\",\"name\":\"susanatarre.com\",\"description\":\"Rebost Ib\u00e8ric\",\"potentialAction\":[{\"@type\":\"SearchAction\",\"target\":{\"@type\":\"EntryPoint\",\"urlTemplate\":\"https:\/\/www.susanatarre.com\/ca\/?s={search_term_string}\"},\"query-input\":\"required name=search_term_string\"}],\"inLanguage\":\"ca\"}]}<\/script>\n<!-- \/ Yoast SEO plugin. -->","yoast_head_json":{"title":"Pesca Salada - susanatarre.com","robots":{"index":"index","follow":"follow","max-snippet":"max-snippet:-1","max-image-preview":"max-image-preview:large","max-video-preview":"max-video-preview:-1"},"canonical":"https:\/\/www.susanatarre.com\/ca\/pesca-salada\/","og_locale":"ca_ES","og_type":"article","og_title":"Pesca Salada - susanatarre.com","og_description":"Tenim per a tu una soprenent varietat de bacallans, salaons i conserves que et permetran preparar plats fabulosos. I \u00e9s que un bon producte \u00e9s molt important per a una bona cuina. Pesca Salada Pesca Salada Anxova cant\u00e0bric &#8211; 7,50\u20ac \/blister 7,50&euro;A\u00f1adir al carrito Pesca...","og_url":"https:\/\/www.susanatarre.com\/ca\/pesca-salada\/","og_site_name":"susanatarre.com","article_modified_time":"2023-02-03T08:57:50+00:00","twitter_card":"summary_large_image","twitter_misc":{"Temps estimat de lectura":"2 minuts"},"schema":{"@context":"https:\/\/schema.org","@graph":[{"@type":"WebPage","@id":"https:\/\/www.susanatarre.com\/ca\/pesca-salada\/","url":"https:\/\/www.susanatarre.com\/ca\/pesca-salada\/","name":"Pesca Salada - susanatarre.com","isPartOf":{"@id":"https:\/\/www.susanatarre.com\/ca\/#website"},"datePublished":"2022-02-28T11:11:25+00:00","dateModified":"2023-02-03T08:57:50+00:00","breadcrumb":{"@id":"https:\/\/www.susanatarre.com\/ca\/pesca-salada\/#breadcrumb"},"inLanguage":"ca","potentialAction":[{"@type":"ReadAction","target":["https:\/\/www.susanatarre.com\/ca\/pesca-salada\/"]}]},{"@type":"BreadcrumbList","@id":"https:\/\/www.susanatarre.com\/ca\/pesca-salada\/#breadcrumb","itemListElement":[{"@type":"ListItem","position":1,"name":"Portada","item":"https:\/\/www.susanatarre.com\/ca\/"},{"@type":"ListItem","position":2,"name":"Pesca Salada"}]},{"@type":"WebSite","@id":"https:\/\/www.susanatarre.com\/ca\/#website","url":"https:\/\/www.susanatarre.com\/ca\/","name":"susanatarre.com","description":"Rebost Ib\u00e8ric","potentialAction":[{"@type":"SearchAction","target":{"@type":"EntryPoint","urlTemplate":"https:\/\/www.susanatarre.com\/ca\/?s={search_term_string}"},"query-input":"required name=search_term_string"}],"inLanguage":"ca"}]}},"_links":{"self":[{"href":"https:\/\/www.susanatarre.com\/ca\/wp-json\/wp\/v2\/pages\/1210","targetHints":{"allow":["GET"]}}],"collection":[{"href":"https:\/\/www.susanatarre.com\/ca\/wp-json\/wp\/v2\/pages"}],"about":[{"href":"https:\/\/www.susanatarre.com\/ca\/wp-json\/wp\/v2\/types\/page"}],"author":[{"embeddable":true,"href":"https:\/\/www.susanatarre.com\/ca\/wp-json\/wp\/v2\/users\/1"}],"replies":[{"embeddable":true,"href":"https:\/\/www.susanatarre.com\/ca\/wp-json\/wp\/v2\/comments?post=1210"}],"version-history":[{"count":23,"href":"https:\/\/www.susanatarre.com\/ca\/wp-json\/wp\/v2\/pages\/1210\/revisions"}],"predecessor-version":[{"id":1950,"href":"https:\/\/www.susanatarre.com\/ca\/wp-json\/wp\/v2\/pages\/1210\/revisions\/1950"}],"wp:attachment":[{"href":"https:\/\/www.susanatarre.com\/ca\/wp-json\/wp\/v2\/media?parent=1210"}],"curies":[{"name":"wp","href":"https:\/\/api.w.org\/{rel}","templated":true}]}}