{"id":1200,"date":"2022-02-28T11:07:57","date_gmt":"2022-02-28T11:07:57","guid":{"rendered":"http:\/\/10.80.100.11\/elaborats\/"},"modified":"2023-02-03T08:57:51","modified_gmt":"2023-02-03T08:57:51","slug":"elaborats","status":"publish","type":"page","link":"https:\/\/www.susanatarre.com\/ca\/elaborats\/","title":{"rendered":"Elaborats"},"content":{"rendered":"\t\t<div data-elementor-type=\"wp-page\" data-elementor-id=\"1200\" class=\"elementor elementor-1200 elementor-701\" data-elementor-settings=\"[]\">\n\t\t\t\t\t\t\t<div class=\"elementor-section-wrap\">\n\t\t\t\t\t\t\t<section class=\"elementor-section elementor-top-section elementor-element elementor-element-cd63bb3 elementor-section-full_width elementor-section-height-default elementor-section-height-default parallax_section_no qode_elementor_container_no\" data-id=\"cd63bb3\" data-element_type=\"section\" id=\"custom_slider\">\n\t\t\t\t\t\t<div class=\"elementor-container elementor-column-gap-default\">\n\t\t\t\t\t<div class=\"elementor-column elementor-col-100 elementor-top-column elementor-element elementor-element-0f3e69a\" data-id=\"0f3e69a\" data-element_type=\"column\">\n\t\t\t<div class=\"elementor-widget-wrap elementor-element-populated\">\n\t\t\t\t\t\t\t\t<div class=\"elementor-element elementor-element-c7a749c elementor-widget elementor-widget-slider_revolution\" data-id=\"c7a749c\" data-element_type=\"widget\" data-widget_type=\"slider_revolution.default\">\n\t\t\t\t<div class=\"elementor-widget-container\">\n\t\t\t\n\t\t<div class=\"wp-block-themepunch-revslider\">\n\t\t\t<!-- START ELABORADOS CAT REVOLUTION SLIDER 6.5.14 --><p class=\"rs-p-wp-fix\"><\/p>\n\t\t\t<rs-module-wrap id=\"rev_slider_30_1_wrapper\" data-source=\"gallery\" style=\"visibility:hidden;background:transparent;padding:0;margin:0px auto;margin-top:0;margin-bottom:0;\">\n\t\t\t\t<rs-module id=\"rev_slider_30_1\" style=\"\" data-version=\"6.5.14\">\n\t\t\t\t\t<rs-slides>\n\t\t\t\t\t\t<rs-slide style=\"position: absolute;\" data-key=\"rs-81\" data-title=\"IB\u00c9RICOS\" data-in=\"o:0;\" data-out=\"a:false;\">\n\t\t\t\t\t\t\t<img loading=\"lazy\" decoding=\"async\" src=\"\/\/www.susanatarre.com\/wp-content\/plugins\/revslider\/public\/assets\/assets\/dummy.png\" alt=\"\" title=\"elab\" width=\"2560\" height=\"1431\" class=\"rev-slidebg tp-rs-img rs-lazyload\" data-lazyload=\"\/\/10.80.100.11\/wp-content\/uploads\/2022\/02\/elab-scaled.jpg\" data-no-retina>\n\t\t\t\t\t\t\t<rs-bgvideo \n\t\t\t\t\t\t\t\tdata-video=\"w:100%;h:100%;ar:4:3;l:false;ptimer:false;vfc:false;\"\n\t\t\t\t\t\t\t\tdata-mp4=\"\/\/10.80.100.11\/wp-content\/uploads\/videos\/elaborados.mp4\"\n\t\t\t\t\t\t\t><\/rs-bgvideo>\n<!--\n\t\t\t\t\t\t\t--><rs-layer\n\t\t\t\t\t\t\t\tid=\"slider-30-slide-81-layer-0\" \n\t\t\t\t\t\t\t\tdata-type=\"image\"\n\t\t\t\t\t\t\t\tdata-rsp_ch=\"on\"\n\t\t\t\t\t\t\t\tdata-xy=\"xo:1169px,1169px,1169px,452px;yo:604px,604px,604px,233px;\"\n\t\t\t\t\t\t\t\tdata-text=\"w:normal;s:20,20,20,7;l:0,0,0,9;\"\n\t\t\t\t\t\t\t\tdata-dim=\"w:149px,149px,149px,57px;h:148px,148px,148px,56px;\"\n\t\t\t\t\t\t\t\tdata-frame_999=\"o:0;st:w;\"\n\t\t\t\t\t\t\t\tstyle=\"z-index:5;\"\n\t\t\t\t\t\t\t><img loading=\"lazy\" decoding=\"async\" src=\"\/\/www.susanatarre.com\/wp-content\/plugins\/revslider\/public\/assets\/assets\/dummy.png\" alt=\"\" class=\"tp-rs-img rs-lazyload\" width=\"500\" height=\"497\" data-lazyload=\"\/\/10.80.100.11\/wp-content\/uploads\/2022\/03\/x10CAT.jpg\" data-no-retina> \n\t\t\t\t\t\t\t<\/rs-layer><!--\n\n\t\t\t\t\t\t\t--><rs-layer\n\t\t\t\t\t\t\t\tid=\"slider-30-slide-81-layer-1\" \n\t\t\t\t\t\t\t\tdata-type=\"text\"\n\t\t\t\t\t\t\t\tdata-rsp_ch=\"on\"\n\t\t\t\t\t\t\t\tdata-xy=\"xo:-164px,-164px,-164px,-62px;yo:31px,31px,31px,11px;\"\n\t\t\t\t\t\t\t\tdata-text=\"w:normal;s:20,20,20,7;l:25,25,25,9;\"\n\t\t\t\t\t\t\t\tdata-frame_999=\"o:0;st:w;\"\n\t\t\t\t\t\t\t\tstyle=\"z-index:6;font-family:'Roboto';\"\n\t\t\t\t\t\t\t><div class=\"card_slider\"><br \/>\n<h1><span>Els Millors <br>Elaborats<\/span><br \/>\nal teu costat<\/h1><br \/>\n<\/div> \n\t\t\t\t\t\t\t<\/rs-layer><!--\n-->\t\t\t\t\t\t<\/rs-slide>\n\t\t\t\t\t<\/rs-slides>\n\t\t\t\t<\/rs-module>\n\t\t\t\t<script>\n\t\t\t\t\tsetREVStartSize({c: 'rev_slider_30_1',rl:[1240,1240,1240,480],el:[750,750,750,720],gw:[1240,1240,1240,480],gh:[750,750,750,720],type:'standard',justify:'',layout:'fullwidth',mh:\"0\"});if (window.RS_MODULES!==undefined && window.RS_MODULES.modules!==undefined && window.RS_MODULES.modules[\"revslider301\"]!==undefined) {window.RS_MODULES.modules[\"revslider301\"].once = false;window.revapi30 = undefined;if (window.RS_MODULES.checkMinimal!==undefined) window.RS_MODULES.checkMinimal()}\n\t\t\t\t<\/script>\n\t\t\t<\/rs-module-wrap>\n\t\t\t<!-- END REVOLUTION SLIDER -->\n<\/div>\n\n\t\t\t\t<\/div>\n\t\t\t\t<\/div>\n\t\t\t\t\t<\/div>\n\t\t<\/div>\n\t\t\t\t\t\t\t<\/div>\n\t\t<\/section>\n\t\t\t\t<section class=\"elementor-section elementor-top-section elementor-element elementor-element-77c7aae elementor-section-boxed elementor-section-height-default elementor-section-height-default parallax_section_no qode_elementor_container_no\" data-id=\"77c7aae\" data-element_type=\"section\" data-settings=\"{&quot;background_background&quot;:&quot;classic&quot;}\">\n\t\t\t\t\t\t<div class=\"elementor-container elementor-column-gap-default\">\n\t\t\t\t\t<div class=\"elementor-column elementor-col-100 elementor-top-column elementor-element elementor-element-33a8d70\" data-id=\"33a8d70\" data-element_type=\"column\">\n\t\t\t<div class=\"elementor-widget-wrap elementor-element-populated\">\n\t\t\t\t\t\t\t\t<div class=\"elementor-element elementor-element-eb6d140 elementor-widget elementor-widget-text-editor\" data-id=\"eb6d140\" data-element_type=\"widget\" data-widget_type=\"text-editor.default\">\n\t\t\t\t<div class=\"elementor-widget-container\">\n\t\t\t<style>\/*! elementor - v3.5.5 - 03-02-2022 *\/\n.elementor-widget-text-editor.elementor-drop-cap-view-stacked .elementor-drop-cap{background-color:#818a91;color:#fff}.elementor-widget-text-editor.elementor-drop-cap-view-framed .elementor-drop-cap{color:#818a91;border:3px solid;background-color:transparent}.elementor-widget-text-editor:not(.elementor-drop-cap-view-default) .elementor-drop-cap{margin-top:8px}.elementor-widget-text-editor:not(.elementor-drop-cap-view-default) .elementor-drop-cap-letter{width:1em;height:1em}.elementor-widget-text-editor .elementor-drop-cap{float:left;text-align:center;line-height:1;font-size:50px}.elementor-widget-text-editor .elementor-drop-cap-letter{display:inline-block}<\/style>\t\t\t\t<p>Tenint com a base la qualitat de les nostres aus i carns, elaborem per a tu una s\u00e8rie de productes que, m\u00e9s enll\u00e0 de la comoditat d&#8217;estalviar-te feina a la cuina, ens permeten oferir-te uns preparats perqu\u00e8 et llueixis a casa.<\/p>\n\t\t\t\t\t\t<\/div>\n\t\t\t\t<\/div>\n\t\t\t\t\t<\/div>\n\t\t<\/div>\n\t\t\t\t\t\t\t<\/div>\n\t\t<\/section>\n\t\t\t\t<section class=\"elementor-section elementor-top-section elementor-element elementor-element-78b5bc31 elementor-section-boxed elementor-section-height-default elementor-section-height-default parallax_section_no qode_elementor_container_no\" data-id=\"78b5bc31\" data-element_type=\"section\" id=\"custom_footer\" data-settings=\"{&quot;background_background&quot;:&quot;classic&quot;}\">\n\t\t\t\t\t\t<div class=\"elementor-container elementor-column-gap-default\">\n\t\t\t\t\t<div class=\"elementor-column elementor-col-50 elementor-top-column elementor-element elementor-element-d358b00\" data-id=\"d358b00\" data-element_type=\"column\" id=\"cuadro_nombre_subcategoria\">\n\t\t\t<div class=\"elementor-widget-wrap elementor-element-populated\">\n\t\t\t\t\t\t\t\t<div class=\"elementor-element elementor-element-2a8ea616 elementor-widget elementor-widget-html\" data-id=\"2a8ea616\" data-element_type=\"widget\" data-widget_type=\"html.default\">\n\t\t\t\t<div class=\"elementor-widget-container\">\n\t\t\t<div class=\"col_1_footer\">\n    <h3>Elaborats<\/h3>\n<\/div>\t\t<\/div>\n\t\t\t\t<\/div>\n\t\t\t\t\t<\/div>\n\t\t<\/div>\n\t\t\t\t<div class=\"elementor-column elementor-col-50 elementor-top-column elementor-element elementor-element-1058ad09\" data-id=\"1058ad09\" data-element_type=\"column\">\n\t\t\t<div class=\"elementor-widget-wrap elementor-element-populated\">\n\t\t\t\t\t\t\t\t<div class=\"elementor-element elementor-element-6d740b41 elementor-widget elementor-widget-bridge_product_list_elegant\" data-id=\"6d740b41\" data-element_type=\"widget\" data-widget_type=\"bridge_product_list_elegant.default\">\n\t\t\t\t<div class=\"elementor-widget-container\">\n\t\t\t<div class='qode_product_list_holder three_columns'><ul><li><div class=\"product_list_inner\" ><div class=\"product_category\"><a href=\"https:\/\/www.susanatarre.com\/ca\/categoria-producte\/elaborats\/\" rel=\"tag\">Elaborats<\/a><\/div><h4 itemprop=\"name\" class=\"product_title entry-title\">Hamburguesa vedella<\/h4><div class=\"product_separator separator small center\" ><\/div><div class=\"product_price\" ><\/div><div class=\"product_button\"><a rel=\"nofollow\" href=\"https:\/\/www.susanatarre.com\/ca\/producte\/hamburguesa-vedella-1290e-kg\/\" data-quantity=\"1\" data-product_id=\"1400\" data-product_sku=\"\" class=\"qbutton  default ajax_add_to_cart  qode-product-out-of-stock simple\">Read more<\/a><\/div><\/div><a itemprop=\"url\" class=\"product_list_link\" href=\"https:\/\/www.susanatarre.com\/ca\/producte\/hamburguesa-vedella-1290e-kg\/\" target=\"_self\"><\/a><\/li><li><div class=\"product_list_inner\" ><div class=\"product_category\"><a href=\"https:\/\/www.susanatarre.com\/ca\/categoria-producte\/elaborats\/\" rel=\"tag\">Elaborats<\/a><\/div><h4 itemprop=\"name\" class=\"product_title entry-title\">Hamburguesa pollastre catal\u00e0<\/h4><div class=\"product_separator separator small center\" ><\/div><div class=\"product_price\" ><\/div><div class=\"product_button\"><a rel=\"nofollow\" href=\"https:\/\/www.susanatarre.com\/ca\/producte\/hamburguesa-pollastre-catala-1290e-kg\/\" data-quantity=\"1\" data-product_id=\"1398\" data-product_sku=\"\" class=\"qbutton  default ajax_add_to_cart  qode-product-out-of-stock simple\">Read more<\/a><\/div><\/div><a itemprop=\"url\" class=\"product_list_link\" href=\"https:\/\/www.susanatarre.com\/ca\/producte\/hamburguesa-pollastre-catala-1290e-kg\/\" target=\"_self\"><\/a><\/li><li><div class=\"product_list_inner\" ><div class=\"product_category\"><a href=\"https:\/\/www.susanatarre.com\/ca\/categoria-producte\/elaborats\/\" rel=\"tag\">Elaborats<\/a><\/div><h4 itemprop=\"name\" class=\"product_title entry-title\">Hamburguesa pollastre sabors 12,90\u20ac\/kg<\/h4><div class=\"product_separator separator small center\" ><\/div><div class=\"product_price\" ><\/div><div class=\"product_button\"><a rel=\"nofollow\" href=\"https:\/\/www.susanatarre.com\/ca\/producte\/hamburguesa-pollastre-sabors-1290e-kg-1290e-kg\/\" data-quantity=\"1\" data-product_id=\"1399\" data-product_sku=\"\" class=\"qbutton  default ajax_add_to_cart  qode-product-out-of-stock simple\">Read more<\/a><\/div><\/div><a itemprop=\"url\" class=\"product_list_link\" href=\"https:\/\/www.susanatarre.com\/ca\/producte\/hamburguesa-pollastre-sabors-1290e-kg-1290e-kg\/\" target=\"_self\"><\/a><\/li><li><div class=\"product_list_inner\" ><div class=\"product_category\"><a href=\"https:\/\/www.susanatarre.com\/ca\/categoria-producte\/elaborats\/\" rel=\"tag\">Elaborats<\/a><\/div><h4 itemprop=\"name\" class=\"product_title entry-title\">Hamburguesa vedella sabors<\/h4><div class=\"product_separator separator small center\" ><\/div><div class=\"product_price\" ><\/div><div class=\"product_button\"><a rel=\"nofollow\" href=\"https:\/\/www.susanatarre.com\/ca\/producte\/hamburguesa-vedella-sabors-1390e-kg\/\" data-quantity=\"1\" data-product_id=\"1401\" data-product_sku=\"\" class=\"qbutton  default ajax_add_to_cart  qode-product-out-of-stock simple\">Read more<\/a><\/div><\/div><a itemprop=\"url\" class=\"product_list_link\" href=\"https:\/\/www.susanatarre.com\/ca\/producte\/hamburguesa-vedella-sabors-1390e-kg\/\" target=\"_self\"><\/a><\/li><li><div class=\"product_list_inner\" ><div class=\"product_category\"><a href=\"https:\/\/www.susanatarre.com\/ca\/categoria-producte\/elaborats\/\" rel=\"tag\">Elaborats<\/a><\/div><h4 itemprop=\"name\" class=\"product_title entry-title\">Mandonguilles vedella i pilota brou<\/h4><div class=\"product_separator separator small center\" ><\/div><div class=\"product_price\" ><\/div><div class=\"product_button\"><a rel=\"nofollow\" href=\"https:\/\/www.susanatarre.com\/ca\/producte\/mandonguilles-vedella-i-pilota-brou-1290e-kg\/\" data-quantity=\"1\" data-product_id=\"1347\" data-product_sku=\"\" class=\"qbutton  default ajax_add_to_cart  qode-product-out-of-stock simple\">Read more<\/a><\/div><\/div><a itemprop=\"url\" class=\"product_list_link\" href=\"https:\/\/www.susanatarre.com\/ca\/producte\/mandonguilles-vedella-i-pilota-brou-1290e-kg\/\" target=\"_self\"><\/a><\/li><li><div class=\"product_list_inner\" ><div class=\"product_category\"><a href=\"https:\/\/www.susanatarre.com\/ca\/categoria-producte\/elaborats\/\" rel=\"tag\">Elaborats<\/a><\/div><h4 itemprop=\"name\" class=\"product_title entry-title\">Botifarra fresca Pag\u00e9s<\/h4><div class=\"product_separator separator small center\" ><\/div><div class=\"product_price\" ><\/div><div class=\"product_button\"><a rel=\"nofollow\" href=\"https:\/\/www.susanatarre.com\/ca\/producte\/botifarra-fresca-pages-1290e-kg\/\" data-quantity=\"1\" data-product_id=\"1359\" data-product_sku=\"\" class=\"qbutton  default ajax_add_to_cart  qode-product-out-of-stock simple\">Read more<\/a><\/div><\/div><a itemprop=\"url\" class=\"product_list_link\" href=\"https:\/\/www.susanatarre.com\/ca\/producte\/botifarra-fresca-pages-1290e-kg\/\" target=\"_self\"><\/a><\/li><li><div class=\"product_list_inner\" ><div class=\"product_category\"><a href=\"https:\/\/www.susanatarre.com\/ca\/categoria-producte\/elaborats\/\" rel=\"tag\">Elaborats<\/a><\/div><h4 itemprop=\"name\" class=\"product_title entry-title\">Salsitxes fresques pa\u00eds<\/h4><div class=\"product_separator separator small center\" ><\/div><div class=\"product_price\" ><\/div><div class=\"product_button\"><a rel=\"nofollow\" href=\"https:\/\/www.susanatarre.com\/ca\/producte\/salsitxes-fresques-pais-1290e-kg\/\" data-quantity=\"1\" data-product_id=\"1447\" data-product_sku=\"\" class=\"qbutton  default ajax_add_to_cart  qode-product-out-of-stock simple\">Read more<\/a><\/div><\/div><a itemprop=\"url\" class=\"product_list_link\" href=\"https:\/\/www.susanatarre.com\/ca\/producte\/salsitxes-fresques-pais-1290e-kg\/\" target=\"_self\"><\/a><\/li><li><div class=\"product_list_inner\" ><div class=\"product_category\"><a href=\"https:\/\/www.susanatarre.com\/ca\/categoria-producte\/elaborats\/\" rel=\"tag\">Elaborats<\/a><\/div><h4 itemprop=\"name\" class=\"product_title entry-title\">Llibret de porc ib\u00e8ric pernil dol\u00e7 formatge<\/h4><div class=\"product_separator separator small center\" ><\/div><div class=\"product_price\" ><\/div><div class=\"product_button\"><a rel=\"nofollow\" href=\"https:\/\/www.susanatarre.com\/ca\/producte\/llibret-de-porc-iberic-pernil-dolc-formatge-1799e-kg\/\" data-quantity=\"1\" data-product_id=\"1409\" data-product_sku=\"\" class=\"qbutton  default ajax_add_to_cart  qode-product-out-of-stock simple\">Read more<\/a><\/div><\/div><a itemprop=\"url\" class=\"product_list_link\" href=\"https:\/\/www.susanatarre.com\/ca\/producte\/llibret-de-porc-iberic-pernil-dolc-formatge-1799e-kg\/\" target=\"_self\"><\/a><\/li><li><div class=\"product_list_inner\" ><div class=\"product_category\"><a href=\"https:\/\/www.susanatarre.com\/ca\/categoria-producte\/elaborats\/\" rel=\"tag\">Elaborats<\/a><\/div><h4 itemprop=\"name\" class=\"product_title entry-title\">Llibret serr\u00e0 (pernil ib\u00e8ric formatge )<\/h4><div class=\"product_separator separator small center\" ><\/div><div class=\"product_price\" ><\/div><div class=\"product_button\"><a rel=\"nofollow\" href=\"https:\/\/www.susanatarre.com\/ca\/producte\/llibret-serra-pernil-iberic-formatge-1899e-kg\/\" data-quantity=\"1\" data-product_id=\"1410\" data-product_sku=\"\" class=\"qbutton  default ajax_add_to_cart  qode-product-out-of-stock simple\">Read more<\/a><\/div><\/div><a itemprop=\"url\" class=\"product_list_link\" href=\"https:\/\/www.susanatarre.com\/ca\/producte\/llibret-serra-pernil-iberic-formatge-1899e-kg\/\" target=\"_self\"><\/a><\/li><li><div class=\"product_list_inner\" ><div class=\"product_category\"><a href=\"https:\/\/www.susanatarre.com\/ca\/categoria-producte\/elaborats\/\" rel=\"tag\">Elaborats<\/a><\/div><h4 itemprop=\"name\" class=\"product_title entry-title\">Llibrets de porc ib\u00e8ric variats sobrassada, Rocafort, bacon formatge , rinxol de cabra ceba etc<\/h4><div class=\"product_separator separator small center\" ><\/div><div class=\"product_price\" ><\/div><div class=\"product_button\"><a rel=\"nofollow\" href=\"https:\/\/www.susanatarre.com\/ca\/producte\/llibrets-de-porc-iberic-variats-sobrassada-rocafort-bacon-formatge-rinxol-de-cabra-ceba-etc-1799e-kg\/\" data-quantity=\"1\" data-product_id=\"1411\" data-product_sku=\"\" class=\"qbutton  default ajax_add_to_cart  qode-product-out-of-stock simple\">Read more<\/a><\/div><\/div><a itemprop=\"url\" class=\"product_list_link\" href=\"https:\/\/www.susanatarre.com\/ca\/producte\/llibrets-de-porc-iberic-variats-sobrassada-rocafort-bacon-formatge-rinxol-de-cabra-ceba-etc-1799e-kg\/\" target=\"_self\"><\/a><\/li><li><div class=\"product_list_inner\" ><div class=\"product_category\"><a href=\"https:\/\/www.susanatarre.com\/ca\/categoria-producte\/elaborats\/\" rel=\"tag\">Elaborats<\/a><\/div><h4 itemprop=\"name\" class=\"product_title entry-title\">Broqueta moruna porc ib\u00e8ric<\/h4><div class=\"product_separator separator small center\" ><\/div><div class=\"product_price\" ><\/div><div class=\"product_button\"><a rel=\"nofollow\" href=\"https:\/\/www.susanatarre.com\/ca\/producte\/broqueta-moruna-porc-iberic-1290e-kg\/\" data-quantity=\"1\" data-product_id=\"1427\" data-product_sku=\"\" class=\"qbutton  default ajax_add_to_cart  qode-product-out-of-stock simple\">Read more<\/a><\/div><\/div><a itemprop=\"url\" class=\"product_list_link\" href=\"https:\/\/www.susanatarre.com\/ca\/producte\/broqueta-moruna-porc-iberic-1290e-kg\/\" target=\"_self\"><\/a><\/li><li><div class=\"product_list_inner\" ><div class=\"product_category\"><a href=\"https:\/\/www.susanatarre.com\/ca\/categoria-producte\/elaborats\/\" rel=\"tag\">Elaborats<\/a><\/div><h4 itemprop=\"name\" class=\"product_title entry-title\">Croquetes variades, pollastre, pernil ib\u00e8ric , boletus, formatge manxec, formatge blau, calamarsons etc<\/h4><div class=\"product_separator separator small center\" ><\/div><div class=\"product_price\" ><\/div><div class=\"product_button\"><a rel=\"nofollow\" href=\"https:\/\/www.susanatarre.com\/ca\/producte\/croquetes-variades-pollastre-pernil-iberic-boletus-formatge-manxec-formatge-blau-calamarsons-etc-1899e-kg\/\" data-quantity=\"1\" data-product_id=\"1389\" data-product_sku=\"\" class=\"qbutton  default ajax_add_to_cart  qode-product-out-of-stock simple\">Read more<\/a><\/div><\/div><a itemprop=\"url\" class=\"product_list_link\" href=\"https:\/\/www.susanatarre.com\/ca\/producte\/croquetes-variades-pollastre-pernil-iberic-boletus-formatge-manxec-formatge-blau-calamarsons-etc-1899e-kg\/\" target=\"_self\"><\/a><\/li><li><div class=\"product_list_inner\" ><div class=\"product_category\"><a href=\"https:\/\/www.susanatarre.com\/ca\/categoria-producte\/elaborats\/\" rel=\"tag\">Elaborats<\/a><\/div><h4 itemprop=\"name\" class=\"product_title entry-title\">Broqueta andalusa de pollastre<\/h4><div class=\"product_separator separator small center\" ><\/div><div class=\"product_price\" ><\/div><div class=\"product_button\"><a rel=\"nofollow\" href=\"https:\/\/www.susanatarre.com\/ca\/producte\/broqueta-andalusa-de-pollastre-1499e-kg\/\" data-quantity=\"1\" data-product_id=\"1426\" data-product_sku=\"\" class=\"qbutton  default ajax_add_to_cart  qode-product-out-of-stock simple\">Read more<\/a><\/div><\/div><a itemprop=\"url\" class=\"product_list_link\" href=\"https:\/\/www.susanatarre.com\/ca\/producte\/broqueta-andalusa-de-pollastre-1499e-kg\/\" target=\"_self\"><\/a><\/li><li><div class=\"product_list_inner\" ><div class=\"product_category\"><a href=\"https:\/\/www.susanatarre.com\/ca\/categoria-producte\/elaborats\/\" rel=\"tag\">Elaborats<\/a><\/div><h4 itemprop=\"name\" class=\"product_title entry-title\">Pizzes variades<\/h4><div class=\"product_separator separator small center\" ><\/div><div class=\"product_price\" ><\/div><div class=\"product_button\"><a rel=\"nofollow\" href=\"https:\/\/www.susanatarre.com\/ca\/producte\/pizzes-variades-696e-unitat\/\" data-quantity=\"1\" data-product_id=\"1428\" data-product_sku=\"\" class=\"qbutton  default ajax_add_to_cart  qode-product-out-of-stock simple\">Read more<\/a><\/div><\/div><a itemprop=\"url\" class=\"product_list_link\" href=\"https:\/\/www.susanatarre.com\/ca\/producte\/pizzes-variades-696e-unitat\/\" target=\"_self\"><\/a><\/li><\/ul><\/div>\t\t<\/div>\n\t\t\t\t<\/div>\n\t\t\t\t\t<\/div>\n\t\t<\/div>\n\t\t\t\t\t\t\t<\/div>\n\t\t<\/section>\n\t\t\t\t\t\t<\/div>\n\t\t\t\t\t<\/div>\n\t\t","protected":false},"excerpt":{"rendered":"<p>Tenint com a base la qualitat de les nostres aus i carns, elaborem per a tu una s\u00e8rie de productes que, m\u00e9s enll\u00e0 de la comoditat d&#8217;estalviar-te feina a la cuina, ens permeten oferir-te uns preparats perqu\u00e8 et llueixis a casa. Elaborats Elaborats Hamburguesa vedella&#8230;<\/p>\n","protected":false},"author":1,"featured_media":0,"parent":0,"menu_order":0,"comment_status":"closed","ping_status":"closed","template":"full_width.php","meta":{"footnotes":""},"class_list":["post-1200","page","type-page","status-publish","hentry"],"yoast_head":"<!-- This site is optimized with the Yoast SEO plugin v20.1 - https:\/\/yoast.com\/wordpress\/plugins\/seo\/ -->\n<title>Elaborats - susanatarre.com<\/title>\n<meta name=\"robots\" content=\"index, follow, max-snippet:-1, max-image-preview:large, max-video-preview:-1\" \/>\n<link rel=\"canonical\" href=\"https:\/\/www.susanatarre.com\/ca\/elaborats\/\" \/>\n<meta property=\"og:locale\" content=\"ca_ES\" \/>\n<meta property=\"og:type\" content=\"article\" \/>\n<meta property=\"og:title\" content=\"Elaborats - susanatarre.com\" \/>\n<meta property=\"og:description\" content=\"Tenint com a base la qualitat de les nostres aus i carns, elaborem per a tu una s\u00e8rie de productes que, m\u00e9s enll\u00e0 de la comoditat d&#8217;estalviar-te feina a la cuina, ens permeten oferir-te uns preparats perqu\u00e8 et llueixis a casa. Elaborats Elaborats Hamburguesa vedella...\" \/>\n<meta property=\"og:url\" content=\"https:\/\/www.susanatarre.com\/ca\/elaborats\/\" \/>\n<meta property=\"og:site_name\" content=\"susanatarre.com\" \/>\n<meta property=\"article:modified_time\" content=\"2023-02-03T08:57:51+00:00\" \/>\n<meta name=\"twitter:card\" content=\"summary_large_image\" \/>\n<meta name=\"twitter:label1\" content=\"Temps estimat de lectura\" \/>\n\t<meta name=\"twitter:data1\" content=\"2 minuts\" \/>\n<script type=\"application\/ld+json\" class=\"yoast-schema-graph\">{\"@context\":\"https:\/\/schema.org\",\"@graph\":[{\"@type\":\"WebPage\",\"@id\":\"https:\/\/www.susanatarre.com\/ca\/elaborats\/\",\"url\":\"https:\/\/www.susanatarre.com\/ca\/elaborats\/\",\"name\":\"Elaborats - susanatarre.com\",\"isPartOf\":{\"@id\":\"https:\/\/www.susanatarre.com\/ca\/#website\"},\"datePublished\":\"2022-02-28T11:07:57+00:00\",\"dateModified\":\"2023-02-03T08:57:51+00:00\",\"breadcrumb\":{\"@id\":\"https:\/\/www.susanatarre.com\/ca\/elaborats\/#breadcrumb\"},\"inLanguage\":\"ca\",\"potentialAction\":[{\"@type\":\"ReadAction\",\"target\":[\"https:\/\/www.susanatarre.com\/ca\/elaborats\/\"]}]},{\"@type\":\"BreadcrumbList\",\"@id\":\"https:\/\/www.susanatarre.com\/ca\/elaborats\/#breadcrumb\",\"itemListElement\":[{\"@type\":\"ListItem\",\"position\":1,\"name\":\"Portada\",\"item\":\"https:\/\/www.susanatarre.com\/ca\/\"},{\"@type\":\"ListItem\",\"position\":2,\"name\":\"Elaborats\"}]},{\"@type\":\"WebSite\",\"@id\":\"https:\/\/www.susanatarre.com\/ca\/#website\",\"url\":\"https:\/\/www.susanatarre.com\/ca\/\",\"name\":\"susanatarre.com\",\"description\":\"Rebost Ib\u00e8ric\",\"potentialAction\":[{\"@type\":\"SearchAction\",\"target\":{\"@type\":\"EntryPoint\",\"urlTemplate\":\"https:\/\/www.susanatarre.com\/ca\/?s={search_term_string}\"},\"query-input\":\"required name=search_term_string\"}],\"inLanguage\":\"ca\"}]}<\/script>\n<!-- \/ Yoast SEO plugin. -->","yoast_head_json":{"title":"Elaborats - susanatarre.com","robots":{"index":"index","follow":"follow","max-snippet":"max-snippet:-1","max-image-preview":"max-image-preview:large","max-video-preview":"max-video-preview:-1"},"canonical":"https:\/\/www.susanatarre.com\/ca\/elaborats\/","og_locale":"ca_ES","og_type":"article","og_title":"Elaborats - susanatarre.com","og_description":"Tenint com a base la qualitat de les nostres aus i carns, elaborem per a tu una s\u00e8rie de productes que, m\u00e9s enll\u00e0 de la comoditat d&#8217;estalviar-te feina a la cuina, ens permeten oferir-te uns preparats perqu\u00e8 et llueixis a casa. Elaborats Elaborats Hamburguesa vedella...","og_url":"https:\/\/www.susanatarre.com\/ca\/elaborats\/","og_site_name":"susanatarre.com","article_modified_time":"2023-02-03T08:57:51+00:00","twitter_card":"summary_large_image","twitter_misc":{"Temps estimat de lectura":"2 minuts"},"schema":{"@context":"https:\/\/schema.org","@graph":[{"@type":"WebPage","@id":"https:\/\/www.susanatarre.com\/ca\/elaborats\/","url":"https:\/\/www.susanatarre.com\/ca\/elaborats\/","name":"Elaborats - susanatarre.com","isPartOf":{"@id":"https:\/\/www.susanatarre.com\/ca\/#website"},"datePublished":"2022-02-28T11:07:57+00:00","dateModified":"2023-02-03T08:57:51+00:00","breadcrumb":{"@id":"https:\/\/www.susanatarre.com\/ca\/elaborats\/#breadcrumb"},"inLanguage":"ca","potentialAction":[{"@type":"ReadAction","target":["https:\/\/www.susanatarre.com\/ca\/elaborats\/"]}]},{"@type":"BreadcrumbList","@id":"https:\/\/www.susanatarre.com\/ca\/elaborats\/#breadcrumb","itemListElement":[{"@type":"ListItem","position":1,"name":"Portada","item":"https:\/\/www.susanatarre.com\/ca\/"},{"@type":"ListItem","position":2,"name":"Elaborats"}]},{"@type":"WebSite","@id":"https:\/\/www.susanatarre.com\/ca\/#website","url":"https:\/\/www.susanatarre.com\/ca\/","name":"susanatarre.com","description":"Rebost Ib\u00e8ric","potentialAction":[{"@type":"SearchAction","target":{"@type":"EntryPoint","urlTemplate":"https:\/\/www.susanatarre.com\/ca\/?s={search_term_string}"},"query-input":"required name=search_term_string"}],"inLanguage":"ca"}]}},"_links":{"self":[{"href":"https:\/\/www.susanatarre.com\/ca\/wp-json\/wp\/v2\/pages\/1200","targetHints":{"allow":["GET"]}}],"collection":[{"href":"https:\/\/www.susanatarre.com\/ca\/wp-json\/wp\/v2\/pages"}],"about":[{"href":"https:\/\/www.susanatarre.com\/ca\/wp-json\/wp\/v2\/types\/page"}],"author":[{"embeddable":true,"href":"https:\/\/www.susanatarre.com\/ca\/wp-json\/wp\/v2\/users\/1"}],"replies":[{"embeddable":true,"href":"https:\/\/www.susanatarre.com\/ca\/wp-json\/wp\/v2\/comments?post=1200"}],"version-history":[{"count":28,"href":"https:\/\/www.susanatarre.com\/ca\/wp-json\/wp\/v2\/pages\/1200\/revisions"}],"predecessor-version":[{"id":1925,"href":"https:\/\/www.susanatarre.com\/ca\/wp-json\/wp\/v2\/pages\/1200\/revisions\/1925"}],"wp:attachment":[{"href":"https:\/\/www.susanatarre.com\/ca\/wp-json\/wp\/v2\/media?parent=1200"}],"curies":[{"name":"wp","href":"https:\/\/api.w.org\/{rel}","templated":true}]}}