{"id":1141,"date":"2022-02-28T10:27:53","date_gmt":"2022-02-28T10:27:53","guid":{"rendered":"http:\/\/10.80.100.11\/precuinats\/"},"modified":"2023-02-06T12:54:14","modified_gmt":"2023-02-06T12:54:14","slug":"precuinats","status":"publish","type":"page","link":"https:\/\/www.susanatarre.com\/ca\/precuinats\/","title":{"rendered":"Precuinats"},"content":{"rendered":"\t\t<div data-elementor-type=\"wp-page\" data-elementor-id=\"1141\" class=\"elementor elementor-1141 elementor-415\" data-elementor-settings=\"[]\">\n\t\t\t\t\t\t\t<div class=\"elementor-section-wrap\">\n\t\t\t\t\t\t\t<section class=\"elementor-section elementor-top-section elementor-element elementor-element-cd63bb3 elementor-section-full_width elementor-section-height-default elementor-section-height-default parallax_section_no qode_elementor_container_no\" data-id=\"cd63bb3\" data-element_type=\"section\" id=\"custom_slider\">\n\t\t\t\t\t\t<div class=\"elementor-container elementor-column-gap-default\">\n\t\t\t\t\t<div class=\"elementor-column elementor-col-100 elementor-top-column elementor-element elementor-element-0f3e69a\" data-id=\"0f3e69a\" data-element_type=\"column\">\n\t\t\t<div class=\"elementor-widget-wrap elementor-element-populated\">\n\t\t\t\t\t\t\t\t<div class=\"elementor-element elementor-element-c7a749c elementor-widget elementor-widget-slider_revolution\" data-id=\"c7a749c\" data-element_type=\"widget\" data-widget_type=\"slider_revolution.default\">\n\t\t\t\t<div class=\"elementor-widget-container\">\n\t\t\t\n\t\t<div class=\"wp-block-themepunch-revslider\">\n\t\t\t<!-- START PRECOCINADOS CAT REVOLUTION SLIDER 6.5.14 --><p class=\"rs-p-wp-fix\"><\/p>\n\t\t\t<rs-module-wrap id=\"rev_slider_29_1_wrapper\" data-source=\"gallery\" style=\"visibility:hidden;background:transparent;padding:0;margin:0px auto;margin-top:0;margin-bottom:0;\">\n\t\t\t\t<rs-module id=\"rev_slider_29_1\" style=\"\" data-version=\"6.5.14\">\n\t\t\t\t\t<rs-slides>\n\t\t\t\t\t\t<rs-slide style=\"position: absolute;\" data-key=\"rs-80\" data-title=\"IB\u00c9RICOS\" data-in=\"o:0;\" data-out=\"a:false;\">\n\t\t\t\t\t\t\t<img loading=\"lazy\" decoding=\"async\" src=\"\/\/www.susanatarre.com\/wp-content\/plugins\/revslider\/public\/assets\/assets\/dummy.png\" alt=\"\" title=\"preco\" width=\"2560\" height=\"1435\" class=\"rev-slidebg tp-rs-img rs-lazyload\" data-lazyload=\"\/\/10.80.100.11\/wp-content\/uploads\/2022\/02\/preco-scaled.jpg\" data-no-retina>\n\t\t\t\t\t\t\t<rs-bgvideo \n\t\t\t\t\t\t\t\tdata-video=\"w:100%;h:100%;ar:4:3;l:false;ptimer:false;vfc:false;\"\n\t\t\t\t\t\t\t\tdata-mp4=\"\/\/10.80.100.11\/wp-content\/uploads\/videos\/precocinados.mp4\"\n\t\t\t\t\t\t\t><\/rs-bgvideo>\n<!--\n\t\t\t\t\t\t\t--><rs-layer\n\t\t\t\t\t\t\t\tid=\"slider-29-slide-80-layer-0\" \n\t\t\t\t\t\t\t\tdata-type=\"image\"\n\t\t\t\t\t\t\t\tdata-rsp_ch=\"on\"\n\t\t\t\t\t\t\t\tdata-xy=\"xo:1169px,1169px,1169px,452px;yo:604px,604px,604px,233px;\"\n\t\t\t\t\t\t\t\tdata-text=\"w:normal;s:20,20,20,7;l:0,0,0,9;\"\n\t\t\t\t\t\t\t\tdata-dim=\"w:149px,149px,149px,57px;h:148px,148px,148px,56px;\"\n\t\t\t\t\t\t\t\tdata-frame_999=\"o:0;st:w;\"\n\t\t\t\t\t\t\t\tstyle=\"z-index:5;\"\n\t\t\t\t\t\t\t><img loading=\"lazy\" decoding=\"async\" src=\"\/\/www.susanatarre.com\/wp-content\/plugins\/revslider\/public\/assets\/assets\/dummy.png\" alt=\"\" class=\"tp-rs-img rs-lazyload\" width=\"500\" height=\"497\" data-lazyload=\"\/\/10.80.100.11\/wp-content\/uploads\/2022\/03\/x10CAT.jpg\" data-no-retina> \n\t\t\t\t\t\t\t<\/rs-layer><!--\n\n\t\t\t\t\t\t\t--><rs-layer\n\t\t\t\t\t\t\t\tid=\"slider-29-slide-80-layer-1\" \n\t\t\t\t\t\t\t\tdata-type=\"text\"\n\t\t\t\t\t\t\t\tdata-rsp_ch=\"on\"\n\t\t\t\t\t\t\t\tdata-xy=\"xo:-164px,-164px,-164px,-62px;yo:31px,31px,31px,11px;\"\n\t\t\t\t\t\t\t\tdata-text=\"w:normal;s:20,20,20,7;l:25,25,25,9;\"\n\t\t\t\t\t\t\t\tdata-frame_999=\"o:0;st:w;\"\n\t\t\t\t\t\t\t\tstyle=\"z-index:6;font-family:'Roboto';\"\n\t\t\t\t\t\t\t><div class=\"card_slider\"><br \/>\n<h1><span>Els Millors <br>Precuinats<\/span><br \/>\nal teu costat<\/h1><br \/>\n<\/div> \n\t\t\t\t\t\t\t<\/rs-layer><!--\n-->\t\t\t\t\t\t<\/rs-slide>\n\t\t\t\t\t<\/rs-slides>\n\t\t\t\t<\/rs-module>\n\t\t\t\t<script>\n\t\t\t\t\tsetREVStartSize({c: 'rev_slider_29_1',rl:[1240,1240,1240,480],el:[750,750,750,720],gw:[1240,1240,1240,480],gh:[750,750,750,720],type:'standard',justify:'',layout:'fullwidth',mh:\"0\"});if (window.RS_MODULES!==undefined && window.RS_MODULES.modules!==undefined && window.RS_MODULES.modules[\"revslider291\"]!==undefined) {window.RS_MODULES.modules[\"revslider291\"].once = false;window.revapi29 = undefined;if (window.RS_MODULES.checkMinimal!==undefined) window.RS_MODULES.checkMinimal()}\n\t\t\t\t<\/script>\n\t\t\t<\/rs-module-wrap>\n\t\t\t<!-- END REVOLUTION SLIDER -->\n<\/div>\n\n\t\t\t\t<\/div>\n\t\t\t\t<\/div>\n\t\t\t\t\t<\/div>\n\t\t<\/div>\n\t\t\t\t\t\t\t<\/div>\n\t\t<\/section>\n\t\t\t\t<section class=\"elementor-section elementor-top-section elementor-element elementor-element-77c7aae elementor-section-boxed elementor-section-height-default elementor-section-height-default parallax_section_no qode_elementor_container_no\" data-id=\"77c7aae\" data-element_type=\"section\" data-settings=\"{&quot;background_background&quot;:&quot;classic&quot;}\">\n\t\t\t\t\t\t<div class=\"elementor-container elementor-column-gap-default\">\n\t\t\t\t\t<div class=\"elementor-column elementor-col-100 elementor-top-column elementor-element elementor-element-33a8d70\" data-id=\"33a8d70\" data-element_type=\"column\">\n\t\t\t<div class=\"elementor-widget-wrap elementor-element-populated\">\n\t\t\t\t\t\t\t\t<div class=\"elementor-element elementor-element-eb6d140 elementor-widget elementor-widget-text-editor\" data-id=\"eb6d140\" data-element_type=\"widget\" data-widget_type=\"text-editor.default\">\n\t\t\t\t<div class=\"elementor-widget-container\">\n\t\t\t<style>\/*! elementor - v3.5.5 - 03-02-2022 *\/\n.elementor-widget-text-editor.elementor-drop-cap-view-stacked .elementor-drop-cap{background-color:#818a91;color:#fff}.elementor-widget-text-editor.elementor-drop-cap-view-framed .elementor-drop-cap{color:#818a91;border:3px solid;background-color:transparent}.elementor-widget-text-editor:not(.elementor-drop-cap-view-default) .elementor-drop-cap{margin-top:8px}.elementor-widget-text-editor:not(.elementor-drop-cap-view-default) .elementor-drop-cap-letter{width:1em;height:1em}.elementor-widget-text-editor .elementor-drop-cap{float:left;text-align:center;line-height:1;font-size:50px}.elementor-widget-text-editor .elementor-drop-cap-letter{display:inline-block}<\/style>\t\t\t\t<p>No sempre tens temps per a dedicar-ho a cuinar elaborades receptes. Nosaltres t&#8217;oferim una selecci\u00f3 de plats precuinats que et sorprendran no sols per estar riqu\u00edssims, sin\u00f3 per la qualitat dels seus ingredients i la cura en la seva preparaci\u00f3. El resultat? Senzillament exquisit.<\/p>\n\t\t\t\t\t\t<\/div>\n\t\t\t\t<\/div>\n\t\t\t\t\t<\/div>\n\t\t<\/div>\n\t\t\t\t\t\t\t<\/div>\n\t\t<\/section>\n\t\t\t\t<section class=\"elementor-section elementor-top-section elementor-element elementor-element-7f8198f4 elementor-section-boxed elementor-section-height-default elementor-section-height-default parallax_section_no qode_elementor_container_no\" data-id=\"7f8198f4\" data-element_type=\"section\" id=\"custom_footer\" data-settings=\"{&quot;background_background&quot;:&quot;classic&quot;}\">\n\t\t\t\t\t\t<div class=\"elementor-container elementor-column-gap-default\">\n\t\t\t\t\t<div class=\"elementor-column elementor-col-50 elementor-top-column elementor-element elementor-element-1bab1154\" data-id=\"1bab1154\" data-element_type=\"column\" id=\"cuadro_nombre_subcategoria\">\n\t\t\t<div class=\"elementor-widget-wrap elementor-element-populated\">\n\t\t\t\t\t\t\t\t<div class=\"elementor-element elementor-element-684e2be8 elementor-widget elementor-widget-html\" data-id=\"684e2be8\" data-element_type=\"widget\" data-widget_type=\"html.default\">\n\t\t\t\t<div class=\"elementor-widget-container\">\n\t\t\t<div class=\"col_1_footer\">\n    <h3>Plats<br>\n    precuinats<\/h3>\n<\/div>\t\t<\/div>\n\t\t\t\t<\/div>\n\t\t\t\t\t<\/div>\n\t\t<\/div>\n\t\t\t\t<div class=\"elementor-column elementor-col-50 elementor-top-column elementor-element elementor-element-4a5faeff\" data-id=\"4a5faeff\" data-element_type=\"column\">\n\t\t\t<div class=\"elementor-widget-wrap elementor-element-populated\">\n\t\t\t\t\t\t\t\t<div class=\"elementor-element elementor-element-749a08a3 elementor-widget elementor-widget-bridge_product_list_elegant\" data-id=\"749a08a3\" data-element_type=\"widget\" data-widget_type=\"bridge_product_list_elegant.default\">\n\t\t\t\t<div class=\"elementor-widget-container\">\n\t\t\t<div class='qode_product_list_holder three_columns'><ul><li><div class=\"product_list_inner\" ><div class=\"product_category\"><a href=\"https:\/\/www.susanatarre.com\/ca\/categoria-producte\/menjar-preparat\/\" rel=\"tag\">Menjar preparat<\/a><\/div><h4 itemprop=\"name\" class=\"product_title entry-title\">Brou casol\u00e0 amb pilota<\/h4><div class=\"product_separator separator small center\" ><\/div><div class=\"product_price\" ><\/div><div class=\"product_button\"><a rel=\"nofollow\" href=\"https:\/\/www.susanatarre.com\/ca\/producte\/brou-casola-amb-pilota-290e-500-ml\/\" data-quantity=\"1\" data-product_id=\"1365\" data-product_sku=\"\" class=\"qbutton  default ajax_add_to_cart  qode-product-out-of-stock simple\">Read more<\/a><\/div><\/div><a itemprop=\"url\" class=\"product_list_link\" href=\"https:\/\/www.susanatarre.com\/ca\/producte\/brou-casola-amb-pilota-290e-500-ml\/\" target=\"_self\"><\/a><\/li><li><div class=\"product_list_inner\" ><div class=\"product_category\"><a href=\"https:\/\/www.susanatarre.com\/ca\/categoria-producte\/menjar-preparat\/\" rel=\"tag\">Menjar preparat<\/a><\/div><h4 itemprop=\"name\" class=\"product_title entry-title\">Mandonguilles amb bolets<\/h4><div class=\"product_separator separator small center\" ><\/div><div class=\"product_price\" ><\/div><div class=\"product_button\"><a rel=\"nofollow\" href=\"https:\/\/www.susanatarre.com\/ca\/producte\/mandonguilles-amb-bolets-1190e-kg\/\" data-quantity=\"1\" data-product_id=\"1346\" data-product_sku=\"\" class=\"qbutton  default ajax_add_to_cart  qode-product-out-of-stock simple\">Read more<\/a><\/div><\/div><a itemprop=\"url\" class=\"product_list_link\" href=\"https:\/\/www.susanatarre.com\/ca\/producte\/mandonguilles-amb-bolets-1190e-kg\/\" target=\"_self\"><\/a><\/li><li><div class=\"product_list_inner\" ><div class=\"product_category\"><a href=\"https:\/\/www.susanatarre.com\/ca\/categoria-producte\/menjar-preparat\/\" rel=\"tag\">Menjar preparat<\/a><\/div><h4 itemprop=\"name\" class=\"product_title entry-title\">Lenteja estofada con chorizo<\/h4><div class=\"product_separator separator small center\" ><\/div><div class=\"product_price\" ><\/div><div class=\"product_button\"><a rel=\"nofollow\" href=\"https:\/\/www.susanatarre.com\/ca\/producte\/lenteja-estofada-con-chorizo-390e-racion-500-ml\/\" data-quantity=\"1\" data-product_id=\"1408\" data-product_sku=\"\" class=\"qbutton  default ajax_add_to_cart  qode-product-out-of-stock simple\">Read more<\/a><\/div><\/div><a itemprop=\"url\" class=\"product_list_link\" href=\"https:\/\/www.susanatarre.com\/ca\/producte\/lenteja-estofada-con-chorizo-390e-racion-500-ml\/\" target=\"_self\"><\/a><\/li><li><div class=\"product_list_inner\" ><div class=\"product_category\"><a href=\"https:\/\/www.susanatarre.com\/ca\/categoria-producte\/menjar-preparat\/\" rel=\"tag\">Menjar preparat<\/a><\/div><h4 itemprop=\"name\" class=\"product_title entry-title\">Canelons (6 unitats)<\/h4><div class=\"product_separator separator small center\" ><\/div><div class=\"product_price\" ><\/div><div class=\"product_button\"><a rel=\"nofollow\" href=\"https:\/\/www.susanatarre.com\/ca\/producte\/canelons-6-unitats-690e-safata\/\" data-quantity=\"1\" data-product_id=\"1368\" data-product_sku=\"\" class=\"qbutton  default ajax_add_to_cart  qode-product-out-of-stock simple\">Read more<\/a><\/div><\/div><a itemprop=\"url\" class=\"product_list_link\" href=\"https:\/\/www.susanatarre.com\/ca\/producte\/canelons-6-unitats-690e-safata\/\" target=\"_self\"><\/a><\/li><li><div class=\"product_list_inner\" ><div class=\"product_category\"><a href=\"https:\/\/www.susanatarre.com\/ca\/categoria-producte\/menjar-preparat\/\" rel=\"tag\">Menjar preparat<\/a><\/div><h4 itemprop=\"name\" class=\"product_title entry-title\">Fricand\u00f3<\/h4><div class=\"product_separator separator small center\" ><\/div><div class=\"product_price\" ><\/div><div class=\"product_button\"><a rel=\"nofollow\" href=\"https:\/\/www.susanatarre.com\/ca\/producte\/fricando-1790e-kg\/\" data-quantity=\"1\" data-product_id=\"1395\" data-product_sku=\"\" class=\"qbutton  default ajax_add_to_cart  qode-product-out-of-stock simple\">Read more<\/a><\/div><\/div><a itemprop=\"url\" class=\"product_list_link\" href=\"https:\/\/www.susanatarre.com\/ca\/producte\/fricando-1790e-kg\/\" target=\"_self\"><\/a><\/li><li><div class=\"product_list_inner\" ><div class=\"product_category\"><a href=\"https:\/\/www.susanatarre.com\/ca\/categoria-producte\/menjar-preparat\/\" rel=\"tag\">Menjar preparat<\/a><\/div><h4 itemprop=\"name\" class=\"product_title entry-title\">Escalivada a la llenya<\/h4><div class=\"product_separator separator small center\" ><\/div><div class=\"product_price\" ><\/div><div class=\"product_button\"><a rel=\"nofollow\" href=\"https:\/\/www.susanatarre.com\/ca\/producte\/escalivada-a-la-llenya-590e-safata\/\" data-quantity=\"1\" data-product_id=\"1391\" data-product_sku=\"\" class=\"qbutton  default ajax_add_to_cart  qode-product-out-of-stock simple\">Read more<\/a><\/div><\/div><a itemprop=\"url\" class=\"product_list_link\" href=\"https:\/\/www.susanatarre.com\/ca\/producte\/escalivada-a-la-llenya-590e-safata\/\" target=\"_self\"><\/a><\/li><li><div class=\"product_list_inner\" ><div class=\"product_category\"><a href=\"https:\/\/www.susanatarre.com\/ca\/categoria-producte\/menjar-preparat\/\" rel=\"tag\">Menjar preparat<\/a><\/div><h4 itemprop=\"name\" class=\"product_title entry-title\">Lasanya 1 raci\u00f3<\/h4><div class=\"product_separator separator small center\" ><\/div><div class=\"product_price\" ><\/div><div class=\"product_button\"><a rel=\"nofollow\" href=\"https:\/\/www.susanatarre.com\/ca\/producte\/lasanya-1-racio-490e-safata\/\" data-quantity=\"1\" data-product_id=\"1407\" data-product_sku=\"\" class=\"qbutton  default ajax_add_to_cart  qode-product-out-of-stock simple\">Read more<\/a><\/div><\/div><a itemprop=\"url\" class=\"product_list_link\" href=\"https:\/\/www.susanatarre.com\/ca\/producte\/lasanya-1-racio-490e-safata\/\" target=\"_self\"><\/a><\/li><li><div class=\"product_list_inner\" ><div class=\"product_category\"><a href=\"https:\/\/www.susanatarre.com\/ca\/categoria-producte\/menjar-preparat\/\" rel=\"tag\">Menjar preparat<\/a><\/div><h4 itemprop=\"name\" class=\"product_title entry-title\">P\u00e8sol patata<\/h4><div class=\"product_separator separator small center\" ><\/div><div class=\"product_price\" ><\/div><div class=\"product_button\"><a rel=\"nofollow\" href=\"https:\/\/www.susanatarre.com\/ca\/producte\/pesol-patata-399e-racio\/\" data-quantity=\"1\" data-product_id=\"1396\" data-product_sku=\"\" class=\"qbutton  default ajax_add_to_cart  qode-product-out-of-stock simple\">Read more<\/a><\/div><\/div><a itemprop=\"url\" class=\"product_list_link\" href=\"https:\/\/www.susanatarre.com\/ca\/producte\/pesol-patata-399e-racio\/\" target=\"_self\"><\/a><\/li><li><div class=\"product_list_inner\" ><div class=\"product_category\"><a href=\"https:\/\/www.susanatarre.com\/ca\/categoria-producte\/menjar-preparat\/\" rel=\"tag\">Menjar preparat<\/a><\/div><h4 itemprop=\"name\" class=\"product_title entry-title\">Mongeta patata<\/h4><div class=\"product_separator separator small center\" ><\/div><div class=\"product_price\" ><\/div><div class=\"product_button\"><a rel=\"nofollow\" href=\"https:\/\/www.susanatarre.com\/ca\/producte\/mongeta-patata-399e-racio\/\" data-quantity=\"1\" data-product_id=\"1415\" data-product_sku=\"\" class=\"qbutton  default ajax_add_to_cart  qode-product-out-of-stock simple\">Read more<\/a><\/div><\/div><a itemprop=\"url\" class=\"product_list_link\" href=\"https:\/\/www.susanatarre.com\/ca\/producte\/mongeta-patata-399e-racio\/\" target=\"_self\"><\/a><\/li><li><div class=\"product_list_inner\" ><div class=\"product_category\"><a href=\"https:\/\/www.susanatarre.com\/ca\/categoria-producte\/menjar-preparat\/\" rel=\"tag\">Menjar preparat<\/a><\/div><h4 itemprop=\"name\" class=\"product_title entry-title\">Verdura al vapor<\/h4><div class=\"product_separator separator small center\" ><\/div><div class=\"product_price\" ><\/div><div class=\"product_button\"><a rel=\"nofollow\" href=\"https:\/\/www.susanatarre.com\/ca\/producte\/verdura-al-vapor-precio\/\" data-quantity=\"1\" data-product_id=\"1452\" data-product_sku=\"\" class=\"qbutton  default ajax_add_to_cart  qode-product-out-of-stock simple\">Read more<\/a><\/div><\/div><a itemprop=\"url\" class=\"product_list_link\" href=\"https:\/\/www.susanatarre.com\/ca\/producte\/verdura-al-vapor-precio\/\" target=\"_self\"><\/a><\/li><li><div class=\"product_list_inner\" ><div class=\"product_category\"><a href=\"https:\/\/www.susanatarre.com\/ca\/categoria-producte\/menjar-preparat\/\" rel=\"tag\">Menjar preparat<\/a><\/div><h4 itemprop=\"name\" class=\"product_title entry-title\">Favetes baby<\/h4><div class=\"product_separator separator small center\" ><\/div><div class=\"product_price\" ><\/div><div class=\"product_button\"><a rel=\"nofollow\" href=\"https:\/\/www.susanatarre.com\/ca\/producte\/favetes-baby-499e-racio\/\" data-quantity=\"1\" data-product_id=\"1397\" data-product_sku=\"\" class=\"qbutton  default ajax_add_to_cart  qode-product-out-of-stock simple\">Read more<\/a><\/div><\/div><a itemprop=\"url\" class=\"product_list_link\" href=\"https:\/\/www.susanatarre.com\/ca\/producte\/favetes-baby-499e-racio\/\" target=\"_self\"><\/a><\/li><li><div class=\"product_list_inner\" ><div class=\"product_category\"><a href=\"https:\/\/www.susanatarre.com\/ca\/categoria-producte\/menjar-preparat\/\" rel=\"tag\">Menjar preparat<\/a><\/div><h4 itemprop=\"name\" class=\"product_title entry-title\">Menestra<\/h4><div class=\"product_separator separator small center\" ><\/div><div class=\"product_price\" ><\/div><div class=\"product_button\"><a rel=\"nofollow\" href=\"https:\/\/www.susanatarre.com\/ca\/producte\/menestra-399e-racio\/\" data-quantity=\"1\" data-product_id=\"1412\" data-product_sku=\"\" class=\"qbutton  default ajax_add_to_cart  qode-product-out-of-stock simple\">Read more<\/a><\/div><\/div><a itemprop=\"url\" class=\"product_list_link\" href=\"https:\/\/www.susanatarre.com\/ca\/producte\/menestra-399e-racio\/\" target=\"_self\"><\/a><\/li><li><div class=\"product_list_inner\" ><div class=\"product_category\"><a href=\"https:\/\/www.susanatarre.com\/ca\/categoria-producte\/menjar-preparat\/\" rel=\"tag\">Menjar preparat<\/a><\/div><h4 itemprop=\"name\" class=\"product_title entry-title\">Carxofa baby<\/h4><div class=\"product_separator separator small center\" ><\/div><div class=\"product_price\" ><\/div><div class=\"product_button\"><a rel=\"nofollow\" href=\"https:\/\/www.susanatarre.com\/ca\/producte\/carxofa-baby-499e-racio\/\" data-quantity=\"1\" data-product_id=\"1343\" data-product_sku=\"\" class=\"qbutton  default ajax_add_to_cart  qode-product-out-of-stock simple\">Read more<\/a><\/div><\/div><a itemprop=\"url\" class=\"product_list_link\" href=\"https:\/\/www.susanatarre.com\/ca\/producte\/carxofa-baby-499e-racio\/\" target=\"_self\"><\/a><\/li><\/ul><\/div>\t\t<\/div>\n\t\t\t\t<\/div>\n\t\t\t\t\t<\/div>\n\t\t<\/div>\n\t\t\t\t\t\t\t<\/div>\n\t\t<\/section>\n\t\t\t\t\t\t<\/div>\n\t\t\t\t\t<\/div>\n\t\t","protected":false},"excerpt":{"rendered":"<p>No sempre tens temps per a dedicar-ho a cuinar elaborades receptes. Nosaltres t&#8217;oferim una selecci\u00f3 de plats precuinats que et sorprendran no sols per estar riqu\u00edssims, sin\u00f3 per la qualitat dels seus ingredients i la cura en la seva preparaci\u00f3. El resultat? Senzillament exquisit. Plats&#8230;<\/p>\n","protected":false},"author":1,"featured_media":0,"parent":0,"menu_order":0,"comment_status":"closed","ping_status":"closed","template":"full_width.php","meta":{"footnotes":""},"class_list":["post-1141","page","type-page","status-publish","hentry"],"yoast_head":"<!-- This site is optimized with the Yoast SEO plugin v20.1 - https:\/\/yoast.com\/wordpress\/plugins\/seo\/ -->\n<title>Precuinats - susanatarre.com<\/title>\n<meta name=\"robots\" content=\"index, follow, max-snippet:-1, max-image-preview:large, max-video-preview:-1\" \/>\n<link rel=\"canonical\" href=\"https:\/\/www.susanatarre.com\/ca\/precuinats\/\" \/>\n<meta property=\"og:locale\" content=\"ca_ES\" \/>\n<meta property=\"og:type\" content=\"article\" \/>\n<meta property=\"og:title\" content=\"Precuinats - susanatarre.com\" \/>\n<meta property=\"og:description\" content=\"No sempre tens temps per a dedicar-ho a cuinar elaborades receptes. Nosaltres t&#8217;oferim una selecci\u00f3 de plats precuinats que et sorprendran no sols per estar riqu\u00edssims, sin\u00f3 per la qualitat dels seus ingredients i la cura en la seva preparaci\u00f3. El resultat? Senzillament exquisit. Plats...\" \/>\n<meta property=\"og:url\" content=\"https:\/\/www.susanatarre.com\/ca\/precuinats\/\" \/>\n<meta property=\"og:site_name\" content=\"susanatarre.com\" \/>\n<meta property=\"article:modified_time\" content=\"2023-02-06T12:54:14+00:00\" \/>\n<meta name=\"twitter:card\" content=\"summary_large_image\" \/>\n<meta name=\"twitter:label1\" content=\"Temps estimat de lectura\" \/>\n\t<meta name=\"twitter:data1\" content=\"2 minuts\" \/>\n<script type=\"application\/ld+json\" class=\"yoast-schema-graph\">{\"@context\":\"https:\/\/schema.org\",\"@graph\":[{\"@type\":\"WebPage\",\"@id\":\"https:\/\/www.susanatarre.com\/ca\/precuinats\/\",\"url\":\"https:\/\/www.susanatarre.com\/ca\/precuinats\/\",\"name\":\"Precuinats - susanatarre.com\",\"isPartOf\":{\"@id\":\"https:\/\/www.susanatarre.com\/ca\/#website\"},\"datePublished\":\"2022-02-28T10:27:53+00:00\",\"dateModified\":\"2023-02-06T12:54:14+00:00\",\"breadcrumb\":{\"@id\":\"https:\/\/www.susanatarre.com\/ca\/precuinats\/#breadcrumb\"},\"inLanguage\":\"ca\",\"potentialAction\":[{\"@type\":\"ReadAction\",\"target\":[\"https:\/\/www.susanatarre.com\/ca\/precuinats\/\"]}]},{\"@type\":\"BreadcrumbList\",\"@id\":\"https:\/\/www.susanatarre.com\/ca\/precuinats\/#breadcrumb\",\"itemListElement\":[{\"@type\":\"ListItem\",\"position\":1,\"name\":\"Portada\",\"item\":\"https:\/\/www.susanatarre.com\/ca\/\"},{\"@type\":\"ListItem\",\"position\":2,\"name\":\"Precuinats\"}]},{\"@type\":\"WebSite\",\"@id\":\"https:\/\/www.susanatarre.com\/ca\/#website\",\"url\":\"https:\/\/www.susanatarre.com\/ca\/\",\"name\":\"susanatarre.com\",\"description\":\"Rebost Ib\u00e8ric\",\"potentialAction\":[{\"@type\":\"SearchAction\",\"target\":{\"@type\":\"EntryPoint\",\"urlTemplate\":\"https:\/\/www.susanatarre.com\/ca\/?s={search_term_string}\"},\"query-input\":\"required name=search_term_string\"}],\"inLanguage\":\"ca\"}]}<\/script>\n<!-- \/ Yoast SEO plugin. -->","yoast_head_json":{"title":"Precuinats - susanatarre.com","robots":{"index":"index","follow":"follow","max-snippet":"max-snippet:-1","max-image-preview":"max-image-preview:large","max-video-preview":"max-video-preview:-1"},"canonical":"https:\/\/www.susanatarre.com\/ca\/precuinats\/","og_locale":"ca_ES","og_type":"article","og_title":"Precuinats - susanatarre.com","og_description":"No sempre tens temps per a dedicar-ho a cuinar elaborades receptes. Nosaltres t&#8217;oferim una selecci\u00f3 de plats precuinats que et sorprendran no sols per estar riqu\u00edssims, sin\u00f3 per la qualitat dels seus ingredients i la cura en la seva preparaci\u00f3. El resultat? Senzillament exquisit. Plats...","og_url":"https:\/\/www.susanatarre.com\/ca\/precuinats\/","og_site_name":"susanatarre.com","article_modified_time":"2023-02-06T12:54:14+00:00","twitter_card":"summary_large_image","twitter_misc":{"Temps estimat de lectura":"2 minuts"},"schema":{"@context":"https:\/\/schema.org","@graph":[{"@type":"WebPage","@id":"https:\/\/www.susanatarre.com\/ca\/precuinats\/","url":"https:\/\/www.susanatarre.com\/ca\/precuinats\/","name":"Precuinats - susanatarre.com","isPartOf":{"@id":"https:\/\/www.susanatarre.com\/ca\/#website"},"datePublished":"2022-02-28T10:27:53+00:00","dateModified":"2023-02-06T12:54:14+00:00","breadcrumb":{"@id":"https:\/\/www.susanatarre.com\/ca\/precuinats\/#breadcrumb"},"inLanguage":"ca","potentialAction":[{"@type":"ReadAction","target":["https:\/\/www.susanatarre.com\/ca\/precuinats\/"]}]},{"@type":"BreadcrumbList","@id":"https:\/\/www.susanatarre.com\/ca\/precuinats\/#breadcrumb","itemListElement":[{"@type":"ListItem","position":1,"name":"Portada","item":"https:\/\/www.susanatarre.com\/ca\/"},{"@type":"ListItem","position":2,"name":"Precuinats"}]},{"@type":"WebSite","@id":"https:\/\/www.susanatarre.com\/ca\/#website","url":"https:\/\/www.susanatarre.com\/ca\/","name":"susanatarre.com","description":"Rebost Ib\u00e8ric","potentialAction":[{"@type":"SearchAction","target":{"@type":"EntryPoint","urlTemplate":"https:\/\/www.susanatarre.com\/ca\/?s={search_term_string}"},"query-input":"required name=search_term_string"}],"inLanguage":"ca"}]}},"_links":{"self":[{"href":"https:\/\/www.susanatarre.com\/ca\/wp-json\/wp\/v2\/pages\/1141","targetHints":{"allow":["GET"]}}],"collection":[{"href":"https:\/\/www.susanatarre.com\/ca\/wp-json\/wp\/v2\/pages"}],"about":[{"href":"https:\/\/www.susanatarre.com\/ca\/wp-json\/wp\/v2\/types\/page"}],"author":[{"embeddable":true,"href":"https:\/\/www.susanatarre.com\/ca\/wp-json\/wp\/v2\/users\/1"}],"replies":[{"embeddable":true,"href":"https:\/\/www.susanatarre.com\/ca\/wp-json\/wp\/v2\/comments?post=1141"}],"version-history":[{"count":43,"href":"https:\/\/www.susanatarre.com\/ca\/wp-json\/wp\/v2\/pages\/1141\/revisions"}],"predecessor-version":[{"id":2304,"href":"https:\/\/www.susanatarre.com\/ca\/wp-json\/wp\/v2\/pages\/1141\/revisions\/2304"}],"wp:attachment":[{"href":"https:\/\/www.susanatarre.com\/ca\/wp-json\/wp\/v2\/media?parent=1141"}],"curies":[{"name":"wp","href":"https:\/\/api.w.org\/{rel}","templated":true}]}}